{"id":28260,"date":"2018-02-13T15:54:54","date_gmt":"2018-02-13T14:54:54","guid":{"rendered":"https:\/\/www.xraytec.ch\/?page_id=28260"},"modified":"2018-04-12T15:10:43","modified_gmt":"2018-04-12T13:10:43","slug":"systemes-radiologiques","status":"publish","type":"page","link":"https:\/\/www.xraytec.ch\/fr\/systemes-radiologiques\/","title":{"rendered":"Syst\u00e8mes radiologiques"},"content":{"rendered":"<p>Avec son exp\u00e9rience de nombreuses ann\u00e9es, la soci\u00e9t\u00e9 XrayTec S\u00e0rl est votre partenaire comp\u00e9tent dans le domaine de la radiologie. Nous vous proposons les services suivants en relation avec des syst\u00e8mes radiologiques\u00a0:<\/p>\n<ul>\n<li>Conseil, vente &amp; installation<\/li>\n<li>R\u00e9parations<\/li>\n<li>Entretien<\/li>\n<\/ul>\n<p>Nous vous conseillons lors de l\u2018achat de votre syst\u00e8me radiologique et vous aidons \u00e0 choisir le mod\u00e8le adapt\u00e9 \u00e0 vos besoins individuels. Nous vous proposons une vaste gamme de syst\u00e8mes de radiologie pour la m\u00e9decine humaine et v\u00e9t\u00e9rinaire. De plus, nous disposons de syst\u00e8mes de d\u00e9monstration que vous pouvez tester dans votre cabinet et vous convaincre de leurs avantages.<\/p>\n<p>Lors de l\u2018achat d\u2018un syst\u00e8me radiologique nous vous offrons gratuitement les prestations suppl\u00e9mentaires suivantes :<\/p>\n<ul>\n<li>Dessin du plan de protection contre les radiations et calcul de la protection contre les radiations ainsi que l&#8217;enregistrement OFSP<\/li>\n<li>Assurance qualit\u00e9\/ r\u00e9ception du syst\u00e8me radiologique<\/li>\n<li>Cr\u00e9ation des nouvelles tables d&#8217;exposition et ajustement de la nouvelle installation selon vos besoins<\/li>\n<li>3 mois de hotline\/t\u00e9l\u00e9maintenance \u00e0 partir de la date d\u2019installation<\/li>\n<li>Coordination avec d&#8217;autres fournisseurs \u00e9ventuels (par ex. \u00e9lectricien, logiciel de cabinet)<\/li>\n<li>Livraison, installation du syst\u00e8me complet<\/li>\n<li>Information et formation des utilisateurs<\/li>\n<\/ul>\n<p>&nbsp;<\/p>\n<h4><a href=\"https:\/\/www.xraytec.ch\/radiologie-numerique\/?lang=fr\">RADIOLOGIE NUM\u00c9RIQUE<\/a>\u00a0 I\u00a0 <a href=\"https:\/\/www.xraytec.ch\/analoges-roentgen\/?lang=fr\">RADIOLOGIE ANALOGIQUE<\/a>\u00a0 I\u00a0 <a href=\"https:\/\/www.xraytec.ch\/systemes-de-radiologie\/?lang=fr\">INSTALLATIONS RADIOLOGIQUES<\/a>\u00a0 I\u00a0 <a href=\"https:\/\/www.xraytec.ch\/systemes-radiologiques-pour-veterinaires\/?lang=fr\">V\u00c9T\u00c9RINAIRES<\/a>\u00a0 I\u00a0 <a href=\"https:\/\/www.xraytec.ch\/informatique-pour-la-radiologie\/?lang=fr\">INFORMATIQUE<\/a><\/h4>\n","protected":false},"excerpt":{"rendered":"<p>Avec son exp\u00e9rience de nombreuses ann\u00e9es, la soci\u00e9t\u00e9 XrayTec S\u00e0rl est votre partenaire comp\u00e9tent dans le domaine de la radiologie. Nous vous proposons les services suivants en relation avec des syst\u00e8mes radiologiques\u00a0: Conseil, vente &amp; installation R\u00e9parations Entretien Nous vous conseillons lors de l\u2018achat de votre syst\u00e8me radiologique et vous aidons \u00e0 choisir le mod\u00e8le<\/p>\n","protected":false},"author":1,"featured_media":0,"parent":0,"menu_order":0,"comment_status":"closed","ping_status":"closed","template":"","meta":[],"_links":{"self":[{"href":"https:\/\/www.xraytec.ch\/fr\/wp-json\/wp\/v2\/pages\/28260"}],"collection":[{"href":"https:\/\/www.xraytec.ch\/fr\/wp-json\/wp\/v2\/pages"}],"about":[{"href":"https:\/\/www.xraytec.ch\/fr\/wp-json\/wp\/v2\/types\/page"}],"author":[{"embeddable":true,"href":"https:\/\/www.xraytec.ch\/fr\/wp-json\/wp\/v2\/users\/1"}],"replies":[{"embeddable":true,"href":"https:\/\/www.xraytec.ch\/fr\/wp-json\/wp\/v2\/comments?post=28260"}],"version-history":[{"count":5,"href":"https:\/\/www.xraytec.ch\/fr\/wp-json\/wp\/v2\/pages\/28260\/revisions"}],"predecessor-version":[{"id":28663,"href":"https:\/\/www.xraytec.ch\/fr\/wp-json\/wp\/v2\/pages\/28260\/revisions\/28663"}],"wp:attachment":[{"href":"https:\/\/www.xraytec.ch\/fr\/wp-json\/wp\/v2\/media?parent=28260"}],"curies":[{"name":"wp","href":"https:\/\/api.w.org\/{rel}","templated":true}]}}