{"id":28267,"date":"2018-02-13T15:56:23","date_gmt":"2018-02-13T14:56:23","guid":{"rendered":"https:\/\/www.xraytec.ch\/wartung\/"},"modified":"2018-04-18T22:24:03","modified_gmt":"2018-04-18T20:24:03","slug":"entretien","status":"publish","type":"page","link":"https:\/\/www.xraytec.ch\/fr\/entretien\/","title":{"rendered":"Entretien"},"content":{"rendered":"<p>[vc_row][vc_column][vc_column_text]XrayTec S\u00e0rl dispose d\u2019une autorisation de l\u2019office f\u00e9d\u00e9ral de la sant\u00e9 publique OFSP (FR-0676.01.001) et peut donc se charger de l\u2019assurance qualit\u00e9 et de l\u2019entretien de votre installation. Nous assurons que votre syst\u00e8me radiologique fonctionne de mani\u00e8re impeccable, fiable et s\u00fbre et qu\u2019il puisse \u00eatre utilis\u00e9 le plus longtemps possible.<\/p>\n<p>Nous effectuons les assurances qualit\u00e9 suivantes\u00a0selon les directives de l\u2019OFSP\u00a0:<\/p>\n<ul>\n<li>Contr\u00f4les d\u2019\u00e9tat\n<ul>\n<li>Num\u00e9rique (humain \/ v\u00e9t\u00e9rinaire)<\/li>\n<li>Analogique (humain \/ v\u00e9t\u00e9rinaire)<\/li>\n<li>Chambre noire<\/li>\n<li>Traitement de films<\/li>\n<\/ul>\n<\/li>\n<li>Contr\u00f4les de stabilit\u00e9\n<ul>\n<li>Num\u00e9rique (humain \/ v\u00e9t\u00e9rinaire)<\/li>\n<li>Analogique (humain \/ v\u00e9t\u00e9rinaire)<\/li>\n<\/ul>\n<\/li>\n<\/ul>\n<p>Nous entretenons les appareils et machines suivants\u00a0:<\/p>\n<ul>\n<li>Installations radiologiques<\/li>\n<li>Radiologie num\u00e9rique<\/li>\n<li>Radiologie analogique<\/li>\n<li>D\u00e9veloppeuses<\/li>\n<li>Statifs<\/li>\n<\/ul>\n<p>[\/vc_column_text][vc_separator][\/vc_column][\/vc_row][vc_row][vc_column][vc_column_text]<\/p>\n<h4>CONTRATS DE MAINTENANCE<\/h4>\n<p>Concluez un contrat de maintenance pour votre syst\u00e8me radiologique et profitez des co\u00fbts annuels pr\u00e9visibles et des entretiens r\u00e9guliers par notre technicien de radiologie. C\u2019est avec plaisir que nous vous soumettons une offre pour un contrat de maintenance qui comprend tous les contr\u00f4les et entretiens n\u00e9cessaires\u00a0:<\/p>\n<ul>\n<li>Assurance qualit\u00e9 annuelle de l\u2019installation radiologique selon les directives de l\u2019OFSP et du fabricant. Cycle de maintenance de 6 ans comprenant\u00a0:\n<ul>\n<li>Contr\u00f4le d\u2019\u00e9tat dans la 1\u00e8re ann\u00e9e<\/li>\n<li>Maintenance \u00e9largie dans la 4\u00e8me ann\u00e9e<\/li>\n<li>Contr\u00f4le de stabilit\u00e9 dans la 2\u00e8me, 3\u00e8me, 4\u00e8me, 5\u00e8me et 6\u00e8me ann\u00e9e<\/li>\n<\/ul>\n<\/li>\n<li>1 contr\u00f4le\/maintenance annuel\/le du syst\u00e8me de traitement d\u2019images avec contr\u00f4le d\u2019\u00e9tat selon l\u2019OFSP<\/li>\n<li>Sans r\u00e9parations<\/li>\n<\/ul>\n<p>[\/vc_column_text][\/vc_column][\/vc_row]<\/p>\n","protected":false},"excerpt":{"rendered":"<p>[vc_row][vc_column][vc_column_text]XrayTec S\u00e0rl dispose d\u2019une autorisation de l\u2019office f\u00e9d\u00e9ral de la sant\u00e9 publique OFSP (FR-0676.01.001) et peut donc se charger de l\u2019assurance qualit\u00e9 et de l\u2019entretien de votre installation. Nous assurons que votre syst\u00e8me radiologique fonctionne de mani\u00e8re impeccable, fiable et s\u00fbre et qu\u2019il puisse \u00eatre utilis\u00e9 le plus longtemps possible. Nous effectuons les assurances qualit\u00e9<\/p>\n","protected":false},"author":1,"featured_media":0,"parent":0,"menu_order":0,"comment_status":"closed","ping_status":"closed","template":"","meta":[],"_links":{"self":[{"href":"https:\/\/www.xraytec.ch\/fr\/wp-json\/wp\/v2\/pages\/28267"}],"collection":[{"href":"https:\/\/www.xraytec.ch\/fr\/wp-json\/wp\/v2\/pages"}],"about":[{"href":"https:\/\/www.xraytec.ch\/fr\/wp-json\/wp\/v2\/types\/page"}],"author":[{"embeddable":true,"href":"https:\/\/www.xraytec.ch\/fr\/wp-json\/wp\/v2\/users\/1"}],"replies":[{"embeddable":true,"href":"https:\/\/www.xraytec.ch\/fr\/wp-json\/wp\/v2\/comments?post=28267"}],"version-history":[{"count":5,"href":"https:\/\/www.xraytec.ch\/fr\/wp-json\/wp\/v2\/pages\/28267\/revisions"}],"predecessor-version":[{"id":28674,"href":"https:\/\/www.xraytec.ch\/fr\/wp-json\/wp\/v2\/pages\/28267\/revisions\/28674"}],"wp:attachment":[{"href":"https:\/\/www.xraytec.ch\/fr\/wp-json\/wp\/v2\/media?parent=28267"}],"curies":[{"name":"wp","href":"https:\/\/api.w.org\/{rel}","templated":true}]}}