{"id":28269,"date":"2018-02-13T15:57:54","date_gmt":"2018-02-13T14:57:54","guid":{"rendered":"https:\/\/www.xraytec.ch\/?page_id=28269"},"modified":"2018-04-18T22:25:20","modified_gmt":"2018-04-18T20:25:20","slug":"a-propos","status":"publish","type":"page","link":"https:\/\/www.xraytec.ch\/fr\/a-propos\/","title":{"rendered":"\u00c0 propos"},"content":{"rendered":"<p>[vc_row][vc_column][vc_column_text]Avec son exp\u00e9rience de nombreuses ann\u00e9es, la soci\u00e9t\u00e9 XrayTec S\u00e0rl est votre partenaire comp\u00e9tent dans le domaine de la radiologie. Nous vous conseillons lors de l\u2018achat de votre syst\u00e8me radiologique et vous aidons \u00e0 choisir le mod\u00e8le adapt\u00e9 \u00e0 vos besoins individuels.<\/p>\n<p>Steve Schwab, propri\u00e9taire et directeur de la soci\u00e9t\u00e9 Xraytec S\u00e0rl, est actif dans le secteur radiologique depuis 2001 et dispose de vastes connaissances sur les produits neufs ainsi que les appareils plus \u00e2g\u00e9s. Nous sommes \u00e0 votre disposition m\u00eame en cas d\u2018urgence et nous occupons imm\u00e9diatement de la r\u00e9paration de votre syst\u00e8me radiologique.<\/p>\n<p>XrayTec S\u00e0rl dispose \u00e9galement d\u2019une autorisation de l\u2018office f\u00e9d\u00e9ral de la sant\u00e9 publique OFSP et peut donc se charger de l\u2018installation ainsi que de l\u2018entretien de votre installation.<\/p>\n<p>Notre gamme de produits comprend des syst\u00e8mes de radiologie pour la m\u00e9decine humaine et v\u00e9t\u00e9rinaire tout comme des appareils pour la th\u00e9rapie au laser dans le domaine v\u00e9t\u00e9rinaire. Nous vous proposons des syst\u00e8mes num\u00e9riques, entre autres de NMI et Examion, ainsi que des installations radiologiques et l\u2018informatique n\u00e9cessaire pour la radiologie. De plus, vous obtenez d\u2018autres accessoires pour la radiologie sur notre boutique en ligne <a href=\"http:\/\/www.roentgenshop.ch\" target=\"_blank\" rel=\"noopener\">roentgenshop.ch<\/a>.[\/vc_column_text][vc_separator][\/vc_column][\/vc_row][vc_row][vc_column][vc_column_text]<\/p>\n<h4>NOTRE \u00c9QUIPE<\/h4>\n<p>[\/vc_column_text][\/vc_column][\/vc_row][vc_row][vc_column width=&#8221;1\/3&#8243;][vc_column_text]<img decoding=\"async\" loading=\"lazy\" class=\"alignnone size-medium wp-image-28576\" src=\"https:\/\/www.xraytec.ch\/wp-content\/uploads\/2018\/04\/Y62A4580-1-300x300.jpg\" alt=\"\" width=\"300\" height=\"300\" srcset=\"https:\/\/www.xraytec.ch\/wp-content\/uploads\/2018\/04\/Y62A4580-1-300x300.jpg 300w, https:\/\/www.xraytec.ch\/wp-content\/uploads\/2018\/04\/Y62A4580-1-150x150.jpg 150w, https:\/\/www.xraytec.ch\/wp-content\/uploads\/2018\/04\/Y62A4580-1-768x768.jpg 768w, https:\/\/www.xraytec.ch\/wp-content\/uploads\/2018\/04\/Y62A4580-1-1024x1024.jpg 1024w, https:\/\/www.xraytec.ch\/wp-content\/uploads\/2018\/04\/Y62A4580-1-500x500.jpg 500w, https:\/\/www.xraytec.ch\/wp-content\/uploads\/2018\/04\/Y62A4580-1-1000x1000.jpg 1000w\" sizes=\"(max-width: 300px) 100vw, 300px\" \/><\/p>\n<p><strong>Steve Schwab<br \/>\n<\/strong><em>Directeur<\/em><\/p>\n<p>Technicien m\u00e9dical dipl\u00f4m\u00e9 f\u00e9d\u00e9ral ES<\/p>\n<p>Portable 079 \/ 211 73 79<br \/>\nsteve.schwab@xraytec.ch[\/vc_column_text][\/vc_column][vc_column width=&#8221;1\/3&#8243;][vc_column_text]<img decoding=\"async\" loading=\"lazy\" class=\"alignnone size-medium wp-image-28577\" src=\"https:\/\/www.xraytec.ch\/wp-content\/uploads\/2018\/04\/Y62A5450_marina-1-300x300.jpg\" alt=\"\" width=\"300\" height=\"300\" srcset=\"https:\/\/www.xraytec.ch\/wp-content\/uploads\/2018\/04\/Y62A5450_marina-1-300x300.jpg 300w, https:\/\/www.xraytec.ch\/wp-content\/uploads\/2018\/04\/Y62A5450_marina-1-150x150.jpg 150w, https:\/\/www.xraytec.ch\/wp-content\/uploads\/2018\/04\/Y62A5450_marina-1-768x768.jpg 768w, https:\/\/www.xraytec.ch\/wp-content\/uploads\/2018\/04\/Y62A5450_marina-1-1024x1024.jpg 1024w, https:\/\/www.xraytec.ch\/wp-content\/uploads\/2018\/04\/Y62A5450_marina-1-500x500.jpg 500w, https:\/\/www.xraytec.ch\/wp-content\/uploads\/2018\/04\/Y62A5450_marina-1-1000x1000.jpg 1000w\" sizes=\"(max-width: 300px) 100vw, 300px\" \/><\/p>\n<p><strong>Marina Stritt<\/strong><br \/>\n<em>Administration &amp; Finances<\/em><\/p>\n<p>Employ\u00e9e de commerce CFC<\/p>\n<p>T\u00e9l. 026 \/\u00a0322 73 79<br \/>\nmarina.stritt@xraytec.ch[\/vc_column_text][\/vc_column][vc_column width=&#8221;1\/3&#8243;][\/vc_column][\/vc_row]<\/p>\n","protected":false},"excerpt":{"rendered":"<p>[vc_row][vc_column][vc_column_text]Avec son exp\u00e9rience de nombreuses ann\u00e9es, la soci\u00e9t\u00e9 XrayTec S\u00e0rl est votre partenaire comp\u00e9tent dans le domaine de la radiologie. Nous vous conseillons lors de l\u2018achat de votre syst\u00e8me radiologique et vous aidons \u00e0 choisir le mod\u00e8le adapt\u00e9 \u00e0 vos besoins individuels. Steve Schwab, propri\u00e9taire et directeur de la soci\u00e9t\u00e9 Xraytec S\u00e0rl, est actif dans<\/p>\n","protected":false},"author":1,"featured_media":0,"parent":0,"menu_order":0,"comment_status":"closed","ping_status":"closed","template":"","meta":[],"_links":{"self":[{"href":"https:\/\/www.xraytec.ch\/fr\/wp-json\/wp\/v2\/pages\/28269"}],"collection":[{"href":"https:\/\/www.xraytec.ch\/fr\/wp-json\/wp\/v2\/pages"}],"about":[{"href":"https:\/\/www.xraytec.ch\/fr\/wp-json\/wp\/v2\/types\/page"}],"author":[{"embeddable":true,"href":"https:\/\/www.xraytec.ch\/fr\/wp-json\/wp\/v2\/users\/1"}],"replies":[{"embeddable":true,"href":"https:\/\/www.xraytec.ch\/fr\/wp-json\/wp\/v2\/comments?post=28269"}],"version-history":[{"count":7,"href":"https:\/\/www.xraytec.ch\/fr\/wp-json\/wp\/v2\/pages\/28269\/revisions"}],"predecessor-version":[{"id":28686,"href":"https:\/\/www.xraytec.ch\/fr\/wp-json\/wp\/v2\/pages\/28269\/revisions\/28686"}],"wp:attachment":[{"href":"https:\/\/www.xraytec.ch\/fr\/wp-json\/wp\/v2\/media?parent=28269"}],"curies":[{"name":"wp","href":"https:\/\/api.w.org\/{rel}","templated":true}]}}