{"id":28298,"date":"2018-02-13T16:13:27","date_gmt":"2018-02-13T15:13:27","guid":{"rendered":"https:\/\/www.xraytec.ch\/?page_id=28298"},"modified":"2018-04-12T14:57:57","modified_gmt":"2018-04-12T12:57:57","slug":"systemes-de-radiologie","status":"publish","type":"page","link":"https:\/\/www.xraytec.ch\/fr\/systemes-de-radiologie\/","title":{"rendered":"Installations radiologiques"},"content":{"rendered":"<p>Nos installations radiologiques \u2013 comprenant la partie puissance, le statif et la table de radiographie \u2013 en combinaison avec nos syst\u00e8mes de radiologie num\u00e9rique sont une solution id\u00e9ale pour des radiographies professionnelles.<\/p>\n<p>Nos installations radiologiques comprennent principalement les \u00e9l\u00e9ments suivants\u00a0:<\/p>\n<ul>\n<li>G\u00e9n\u00e9rateur<\/li>\n<li>Tube \u00e0 rayons X<\/li>\n<li>C\u00e2ble haute tension<\/li>\n<li>Centreur lumineux<\/li>\n<li>Statif<\/li>\n<li>Table de radiographie<\/li>\n<\/ul>\n","protected":false},"excerpt":{"rendered":"<p>Nos installations radiologiques \u2013 comprenant la partie puissance, le statif et la table de radiographie \u2013 en combinaison avec nos syst\u00e8mes de radiologie num\u00e9rique sont une solution id\u00e9ale pour des radiographies professionnelles. Nos installations radiologiques comprennent principalement les \u00e9l\u00e9ments suivants\u00a0: G\u00e9n\u00e9rateur Tube \u00e0 rayons X C\u00e2ble haute tension Centreur lumineux Statif Table de radiographie<\/p>\n","protected":false},"author":1,"featured_media":0,"parent":0,"menu_order":0,"comment_status":"closed","ping_status":"closed","template":"","meta":[],"_links":{"self":[{"href":"https:\/\/www.xraytec.ch\/fr\/wp-json\/wp\/v2\/pages\/28298"}],"collection":[{"href":"https:\/\/www.xraytec.ch\/fr\/wp-json\/wp\/v2\/pages"}],"about":[{"href":"https:\/\/www.xraytec.ch\/fr\/wp-json\/wp\/v2\/types\/page"}],"author":[{"embeddable":true,"href":"https:\/\/www.xraytec.ch\/fr\/wp-json\/wp\/v2\/users\/1"}],"replies":[{"embeddable":true,"href":"https:\/\/www.xraytec.ch\/fr\/wp-json\/wp\/v2\/comments?post=28298"}],"version-history":[{"count":2,"href":"https:\/\/www.xraytec.ch\/fr\/wp-json\/wp\/v2\/pages\/28298\/revisions"}],"predecessor-version":[{"id":28658,"href":"https:\/\/www.xraytec.ch\/fr\/wp-json\/wp\/v2\/pages\/28298\/revisions\/28658"}],"wp:attachment":[{"href":"https:\/\/www.xraytec.ch\/fr\/wp-json\/wp\/v2\/media?parent=28298"}],"curies":[{"name":"wp","href":"https:\/\/api.w.org\/{rel}","templated":true}]}}