{"id":28307,"date":"2018-02-13T16:14:57","date_gmt":"2018-02-13T15:14:57","guid":{"rendered":"https:\/\/www.xraytec.ch\/?page_id=28307"},"modified":"2019-11-22T12:24:52","modified_gmt":"2019-11-22T11:24:52","slug":"systemes-radiologiques-pour-veterinaires","status":"publish","type":"page","link":"https:\/\/www.xraytec.ch\/fr\/systemes-radiologiques-pour-veterinaires\/","title":{"rendered":"V\u00e9t\u00e9rinaires"},"content":{"rendered":"<p>[vc_row][vc_column][vc_column_text]Nous proposons non seulement des produits pour la m\u00e9decine humaine, mais \u00e9galement des appareils con\u00e7us pour la m\u00e9decine v\u00e9t\u00e9rinaire. Les produits pour la radiologie num\u00e9rique et la radiologie dentale ont \u00e9t\u00e9 sp\u00e9cialement adapt\u00e9s aux besoins des v\u00e9t\u00e9rinaires. Des appareils stationnaires pour le cabinet ainsi que des appareils mobiles pour les d\u00e9placements sont disponibles.<\/p>\n<p>Nous vous proposons les produits suivants\u00a0:<\/p>\n<ul>\n<li>Syst\u00e8mes radiologiques stationnaires CR\/DR<\/li>\n<li>Solutions digitales directes mobiles en valise<\/li>\n<li>Appareils de radiographie portables avec g\u00e9n\u00e9rateur et tube<\/li>\n<li>Syst\u00e8mes compl\u00e8tes enti\u00e8rement num\u00e9riques<\/li>\n<li>Syst\u00e8mes radiologiques modulables<\/li>\n<li>Appareils de radiographie dentaire avec syst\u00e8me DR intra-orale<\/li>\n<\/ul>\n<p>[\/vc_column_text][\/vc_column][\/vc_row][vc_row][vc_column][vc_separator][vc_column_text]<\/p>\n<h4>FORMATIONS RADIOLOGIE DENTALE DANS LE DOMAINE V\u00c9T\u00c9RINAIRE<\/h4>\n<p>Nous vous proposons \u00e9galement des formations informatives et instructives au sujet de la radiologie dentale dans le domaine v\u00e9t\u00e9rinaire. Notre formateur vous forme \u00e0 l\u2019utilisation des appareils radiologiques et vous montre la prise de clich\u00e9s correcte.<\/p>\n<p>Cours dispens\u00e9 par: Dr. Philippe Roux, dipl. EVDC (borded certified veterinary dentist), Lausanne<br \/>\nProchaine date de formation: Mardi 3 d\u00e9cembre<span lang=\"fr\">\u00a0<\/span>2019 de 18h30 \u00e0 22h00<br \/>\nLieu: Medi-Vet , Av de Montoie 47 1007 Lausanne<\/p>\n<p><em>Objectifs<\/em><\/p>\n<ul>\n<li>Conna\u00eetre et savoir manipuler l\u2019appareil de radiographie dentaire<\/li>\n<li>Savoir prendre un clich\u00e9 radiographique dentaire<\/li>\n<li>Pouvoir interpr\u00e9ter correctement les images radiographiques dentaires<\/li>\n<\/ul>\n<p>Pour plus de renseignements ou pour vous inscrire, t\u00e9l\u00e9phonez-nous au 026 322 73 79 ou utilisez le <a href=\"https:\/\/www.xraytec.ch\/fr\/contact\/\">formulaire de contact<\/a>.[\/vc_column_text][\/vc_column][\/vc_row]<\/p>\n","protected":false},"excerpt":{"rendered":"<p>[vc_row][vc_column][vc_column_text]Nous proposons non seulement des produits pour la m\u00e9decine humaine, mais \u00e9galement des appareils con\u00e7us pour la m\u00e9decine v\u00e9t\u00e9rinaire. Les produits pour la radiologie num\u00e9rique et la radiologie dentale ont \u00e9t\u00e9 sp\u00e9cialement adapt\u00e9s aux besoins des v\u00e9t\u00e9rinaires. Des appareils stationnaires pour le cabinet ainsi que des appareils mobiles pour les d\u00e9placements sont disponibles. Nous vous<\/p>\n","protected":false},"author":1,"featured_media":0,"parent":0,"menu_order":0,"comment_status":"closed","ping_status":"closed","template":"","meta":[],"_links":{"self":[{"href":"https:\/\/www.xraytec.ch\/fr\/wp-json\/wp\/v2\/pages\/28307"}],"collection":[{"href":"https:\/\/www.xraytec.ch\/fr\/wp-json\/wp\/v2\/pages"}],"about":[{"href":"https:\/\/www.xraytec.ch\/fr\/wp-json\/wp\/v2\/types\/page"}],"author":[{"embeddable":true,"href":"https:\/\/www.xraytec.ch\/fr\/wp-json\/wp\/v2\/users\/1"}],"replies":[{"embeddable":true,"href":"https:\/\/www.xraytec.ch\/fr\/wp-json\/wp\/v2\/comments?post=28307"}],"version-history":[{"count":9,"href":"https:\/\/www.xraytec.ch\/fr\/wp-json\/wp\/v2\/pages\/28307\/revisions"}],"predecessor-version":[{"id":31274,"href":"https:\/\/www.xraytec.ch\/fr\/wp-json\/wp\/v2\/pages\/28307\/revisions\/31274"}],"wp:attachment":[{"href":"https:\/\/www.xraytec.ch\/fr\/wp-json\/wp\/v2\/media?parent=28307"}],"curies":[{"name":"wp","href":"https:\/\/api.w.org\/{rel}","templated":true}]}}