{"id":28424,"date":"2018-03-26T17:18:50","date_gmt":"2018-03-26T15:18:50","guid":{"rendered":"https:\/\/www.xraytec.ch\/reparaturen\/"},"modified":"2018-04-18T22:24:25","modified_gmt":"2018-04-18T20:24:25","slug":"reparations","status":"publish","type":"page","link":"https:\/\/www.xraytec.ch\/fr\/reparations\/","title":{"rendered":"R\u00e9parations"},"content":{"rendered":"<p>[vc_row][vc_column][vc_column_text]M\u00eame les meilleurs syst\u00e8mes radiologiques n\u00e9cessitent des r\u00e9parations. Notre technicien de radiologie dispose d\u2019une exp\u00e9rience de nombreuses ann\u00e9es et conna\u00eet les mesures n\u00e9cessaires pour que votre syst\u00e8me radiologique soit de nouveau en \u00e9tat de marche \u2013 que \u00e7a soit par t\u00e9l\u00e9phone, par t\u00e9l\u00e9maintenance ou sinon sur place. Nous sommes \u00e0 votre disposition m\u00eame en cas d\u2018urgence et nous occupons imm\u00e9diatement de la r\u00e9paration pour que votre syst\u00e8me radiologique fonctionne de nouveau parfaitement le plus vite possible.<\/p>\n<p>Nous r\u00e9solvons des erreurs et probl\u00e8mes de\u00a0:<\/p>\n<ul>\n<li>G\u00e9n\u00e9rateurs<\/li>\n<li>D\u00e9veloppeuses<\/li>\n<li>Radiologie analogique<\/li>\n<li>Radiologie num\u00e9rique<\/li>\n<li>Ordinateurs et r\u00e9seaux<\/li>\n<li>Statifs<\/li>\n<\/ul>\n<p>Notre technicien de radiologie dispose de vastes connaissances sur les produits neufs ainsi que les appareils plus \u00e2g\u00e9s des marques Stadler, K&amp;S Bochum \u00abSpellman\u00bb, Philips, Ecoray, iCRco, Raymat, Sedecal, GMM, Toshiba, Siemens et Arcom. Au cas o\u00f9 une r\u00e9paration du syst\u00e8me radiologique n\u2019est plus possible, nous vous fournissons un appareil de remplacement de notre stock d\u2019appareils d\u2019occasion des marques Stadler, Raymat, K&amp;S Bochum et Sedecal.[\/vc_column_text][\/vc_column][\/vc_row]<\/p>\n","protected":false},"excerpt":{"rendered":"<p>[vc_row][vc_column][vc_column_text]M\u00eame les meilleurs syst\u00e8mes radiologiques n\u00e9cessitent des r\u00e9parations. Notre technicien de radiologie dispose d\u2019une exp\u00e9rience de nombreuses ann\u00e9es et conna\u00eet les mesures n\u00e9cessaires pour que votre syst\u00e8me radiologique soit de nouveau en \u00e9tat de marche \u2013 que \u00e7a soit par t\u00e9l\u00e9phone, par t\u00e9l\u00e9maintenance ou sinon sur place. Nous sommes \u00e0 votre disposition m\u00eame en cas<\/p>\n","protected":false},"author":1,"featured_media":0,"parent":0,"menu_order":0,"comment_status":"closed","ping_status":"closed","template":"","meta":[],"_links":{"self":[{"href":"https:\/\/www.xraytec.ch\/fr\/wp-json\/wp\/v2\/pages\/28424"}],"collection":[{"href":"https:\/\/www.xraytec.ch\/fr\/wp-json\/wp\/v2\/pages"}],"about":[{"href":"https:\/\/www.xraytec.ch\/fr\/wp-json\/wp\/v2\/types\/page"}],"author":[{"embeddable":true,"href":"https:\/\/www.xraytec.ch\/fr\/wp-json\/wp\/v2\/users\/1"}],"replies":[{"embeddable":true,"href":"https:\/\/www.xraytec.ch\/fr\/wp-json\/wp\/v2\/comments?post=28424"}],"version-history":[{"count":4,"href":"https:\/\/www.xraytec.ch\/fr\/wp-json\/wp\/v2\/pages\/28424\/revisions"}],"predecessor-version":[{"id":28675,"href":"https:\/\/www.xraytec.ch\/fr\/wp-json\/wp\/v2\/pages\/28424\/revisions\/28675"}],"wp:attachment":[{"href":"https:\/\/www.xraytec.ch\/fr\/wp-json\/wp\/v2\/media?parent=28424"}],"curies":[{"name":"wp","href":"https:\/\/api.w.org\/{rel}","templated":true}]}}