{"id":28425,"date":"2018-03-26T17:18:27","date_gmt":"2018-03-26T15:18:27","guid":{"rendered":"https:\/\/www.xraytec.ch\/laserlichttherapie\/"},"modified":"2018-04-18T21:54:25","modified_gmt":"2018-04-18T19:54:25","slug":"therapie-au-laser","status":"publish","type":"page","link":"https:\/\/www.xraytec.ch\/fr\/therapie-au-laser\/","title":{"rendered":"Th\u00e9rapie au laser"},"content":{"rendered":"<p>[vc_row][vc_column][vc_column_text]Les appareils pour la th\u00e9rapie au laser servent au traitement sans douleur d\u2019animaux bless\u00e9s ou malades. Les rayons laser p\u00e9n\u00e8trent profond\u00e9ment dans le corps de l\u2019animal et acc\u00e9l\u00e8rent le processus de gu\u00e9rison avec leur effet curatif. La lumi\u00e8re laser est une m\u00e9thode scientifiquement prouv\u00e9e pour le traitement de maladies de la peau, blessures et inflammations. Les rayons stimulent la circulation du sang et am\u00e9liorent l\u2019alimentation en oxyg\u00e8ne ainsi que l\u2019activit\u00e9 des cellules.<\/p>\n<p>La th\u00e9rapie au laser offre des nombreux avantages\u00a0:<\/p>\n<p><em>Pour les animaux et les propri\u00e9taires<\/em><\/p>\n<ul>\n<li>Th\u00e9rapie calmante comme alternative sans m\u00e9dicaments pour le traitement d\u2019animaux<\/li>\n<li>Soulagement effectif de douleurs, inflammations et enflures<\/li>\n<li>Les animaux tol\u00e8rent tr\u00e8s bien le traitement<\/li>\n<li>Pas d\u2019effets secondaires<\/li>\n<li>R\u00e9duit la n\u00e9cessit\u00e9 d\u2019op\u00e9rations et de m\u00e9dicaments<\/li>\n<li>R\u00e9duit le temps de gu\u00e9rison<\/li>\n<li>Pas de s\u00e9dation ou tonte n\u00e9cessaires<\/li>\n<li>Les propri\u00e9taires peuvent \u00eatre pr\u00e9sents durant le traitement<\/li>\n<li>Les co\u00fbts pour le traitement sont plus bas que lors d\u2019op\u00e9rations ou d\u2019autres traitements<\/li>\n<\/ul>\n<p><em>Pour les v\u00e9t\u00e9rinaires<\/em><\/p>\n<ul>\n<li>Les v\u00e9t\u00e9rinaires peuvent offrir leurs clients un traitement sans m\u00e9dicaments.<\/li>\n<li>La m\u00e9thode repr\u00e9sente une alternative non invasive et non chirurgicale pour les propri\u00e9taires qui n\u2019ont pas les moyens pour une intervention co\u00fbteuse.<\/li>\n<li>Le traitement peut \u00eatre effectu\u00e9 de mani\u00e8re simple et fiable par l\u2019assistant du v\u00e9t\u00e9rinaire. Ce faisant, la charge de travail du v\u00e9t\u00e9rinaire peut \u00eatre r\u00e9duite.<\/li>\n<li>L\u2019appareil pour la th\u00e9rapie au laser est un investissement unique qui g\u00e9n\u00e8re des recettes \u00e0 long terme.<\/li>\n<li>Le traitement r\u00e9duit le temps de r\u00e9tablissement apr\u00e8s des op\u00e9rations et peut \u00eatre utilis\u00e9 comme compl\u00e9ment aux traitements m\u00e9dicamenteux.<\/li>\n<li>La th\u00e9rapie peut \u00eatre combin\u00e9e avec d\u2019autres traitements pour maximiser l\u2019efficacit\u00e9.<\/li>\n<\/ul>\n<p>[\/vc_column_text][\/vc_column][\/vc_row]<\/p>\n","protected":false},"excerpt":{"rendered":"<p>[vc_row][vc_column][vc_column_text]Les appareils pour la th\u00e9rapie au laser servent au traitement sans douleur d\u2019animaux bless\u00e9s ou malades. Les rayons laser p\u00e9n\u00e8trent profond\u00e9ment dans le corps de l\u2019animal et acc\u00e9l\u00e8rent le processus de gu\u00e9rison avec leur effet curatif. La lumi\u00e8re laser est une m\u00e9thode scientifiquement prouv\u00e9e pour le traitement de maladies de la peau, blessures et inflammations.<\/p>\n","protected":false},"author":1,"featured_media":0,"parent":0,"menu_order":0,"comment_status":"closed","ping_status":"closed","template":"","meta":[],"_links":{"self":[{"href":"https:\/\/www.xraytec.ch\/fr\/wp-json\/wp\/v2\/pages\/28425"}],"collection":[{"href":"https:\/\/www.xraytec.ch\/fr\/wp-json\/wp\/v2\/pages"}],"about":[{"href":"https:\/\/www.xraytec.ch\/fr\/wp-json\/wp\/v2\/types\/page"}],"author":[{"embeddable":true,"href":"https:\/\/www.xraytec.ch\/fr\/wp-json\/wp\/v2\/users\/1"}],"replies":[{"embeddable":true,"href":"https:\/\/www.xraytec.ch\/fr\/wp-json\/wp\/v2\/comments?post=28425"}],"version-history":[{"count":4,"href":"https:\/\/www.xraytec.ch\/fr\/wp-json\/wp\/v2\/pages\/28425\/revisions"}],"predecessor-version":[{"id":28665,"href":"https:\/\/www.xraytec.ch\/fr\/wp-json\/wp\/v2\/pages\/28425\/revisions\/28665"}],"wp:attachment":[{"href":"https:\/\/www.xraytec.ch\/fr\/wp-json\/wp\/v2\/media?parent=28425"}],"curies":[{"name":"wp","href":"https:\/\/api.w.org\/{rel}","templated":true}]}}