{"id":28426,"date":"2018-03-26T17:17:56","date_gmt":"2018-03-26T15:17:56","guid":{"rendered":"https:\/\/www.xraytec.ch\/dienstleistungen\/"},"modified":"2018-04-18T22:24:33","modified_gmt":"2018-04-18T20:24:33","slug":"services","status":"publish","type":"page","link":"https:\/\/www.xraytec.ch\/fr\/services\/","title":{"rendered":"Services"},"content":{"rendered":"<p>[vc_row][vc_column][vc_column_text]Steve Schwab, propri\u00e9taire et directeur de la soci\u00e9t\u00e9 Xraytec S\u00e0rl, est actif dans le secteur radiologique depuis 2001 et dispose de vastes connaissances professionnelles dans le domaine radiologique. Nous sommes votre sp\u00e9cialiste fiable et nous occupons de l\u2019entretien r\u00e9gulier ainsi que des r\u00e9parations de votre syst\u00e8me radiologique.<\/p>\n<p>Notre technicien de radiologie dispose de vastes connaissances sur les produits neufs ainsi que les appareils plus \u00e2g\u00e9s. Nous r\u00e9solvons donc \u00e9galement des probl\u00e8mes avec des syst\u00e8mes de radiologie analogiques et vous livrons, si n\u00e9cessaire, un appareil de remplacement de notre stock d\u2019appareils d\u2019occasion. Nous sommes \u00e0 votre disposition m\u00eame en cas d\u2018urgence et nous occupons imm\u00e9diatement de la r\u00e9paration de votre syst\u00e8me radiologique.<\/p>\n<p>XrayTec S\u00e0rl dispose \u00e9galement d\u2019une autorisation de l\u2018office f\u00e9d\u00e9ral de la sant\u00e9 publique OFSP et peut donc se charger de l\u2018entretien de votre installation. Nous assurons que votre syst\u00e8me radiologique fonctionne de mani\u00e8re impeccable, fiable et s\u00fbre et qu\u2019il puisse \u00eatre utilis\u00e9 le plus longtemps possible.<\/p>\n<p>&nbsp;<\/p>\n<h4><a href=\"https:\/\/www.xraytec.ch\/wartung\/?lang=fr\">ENTRETIEN<\/a>\u00a0 I\u00a0\u00a0<a href=\"https:\/\/www.xraytec.ch\/reparaturen\/?lang=fr\">R\u00c9PARATIONS<\/a><\/h4>\n<p>[\/vc_column_text][\/vc_column][\/vc_row]<\/p>\n","protected":false},"excerpt":{"rendered":"<p>[vc_row][vc_column][vc_column_text]Steve Schwab, propri\u00e9taire et directeur de la soci\u00e9t\u00e9 Xraytec S\u00e0rl, est actif dans le secteur radiologique depuis 2001 et dispose de vastes connaissances professionnelles dans le domaine radiologique. Nous sommes votre sp\u00e9cialiste fiable et nous occupons de l\u2019entretien r\u00e9gulier ainsi que des r\u00e9parations de votre syst\u00e8me radiologique. Notre technicien de radiologie dispose de vastes connaissances<\/p>\n","protected":false},"author":1,"featured_media":0,"parent":0,"menu_order":0,"comment_status":"closed","ping_status":"closed","template":"","meta":[],"_links":{"self":[{"href":"https:\/\/www.xraytec.ch\/fr\/wp-json\/wp\/v2\/pages\/28426"}],"collection":[{"href":"https:\/\/www.xraytec.ch\/fr\/wp-json\/wp\/v2\/pages"}],"about":[{"href":"https:\/\/www.xraytec.ch\/fr\/wp-json\/wp\/v2\/types\/page"}],"author":[{"embeddable":true,"href":"https:\/\/www.xraytec.ch\/fr\/wp-json\/wp\/v2\/users\/1"}],"replies":[{"embeddable":true,"href":"https:\/\/www.xraytec.ch\/fr\/wp-json\/wp\/v2\/comments?post=28426"}],"version-history":[{"count":6,"href":"https:\/\/www.xraytec.ch\/fr\/wp-json\/wp\/v2\/pages\/28426\/revisions"}],"predecessor-version":[{"id":28678,"href":"https:\/\/www.xraytec.ch\/fr\/wp-json\/wp\/v2\/pages\/28426\/revisions\/28678"}],"wp:attachment":[{"href":"https:\/\/www.xraytec.ch\/fr\/wp-json\/wp\/v2\/media?parent=28426"}],"curies":[{"name":"wp","href":"https:\/\/api.w.org\/{rel}","templated":true}]}}